{"id":690,"date":"2020-10-10T15:10:49","date_gmt":"2020-10-10T19:10:49","guid":{"rendered":"http:\/\/ve2rvl.ca\/?page_id=690"},"modified":"2025-04-02T12:24:37","modified_gmt":"2025-04-02T16:24:37","slug":"field-day","status":"publish","type":"page","link":"http:\/\/ve2rvl.ca\/index.php\/rencontres\/field-day\/","title":{"rendered":"Field Day"},"content":{"rendered":"\t\t<div data-elementor-type=\"wp-page\" data-elementor-id=\"690\" class=\"elementor elementor-690\">\n\t\t\t\t\t\t<section class=\"elementor-section elementor-top-section elementor-element elementor-element-5242bc83 elementor-section-full_width elementor-section-height-full elementor-section-items-top elementor-section-content-top elementor-section-stretched elementor-section-height-default\" data-id=\"5242bc83\" data-element_type=\"section\" data-e-type=\"section\" data-settings=\"{&quot;background_background&quot;:&quot;gradient&quot;,&quot;stretch_section&quot;:&quot;section-stretched&quot;}\">\n\t\t\t\t\t\t<div class=\"elementor-container elementor-column-gap-default\">\n\t\t\t\t\t<div class=\"elementor-column elementor-col-100 elementor-top-column elementor-element elementor-element-33dc740f\" data-id=\"33dc740f\" data-element_type=\"column\" data-e-type=\"column\">\n\t\t\t<div class=\"elementor-widget-wrap elementor-element-populated\">\n\t\t\t\t\t\t<div class=\"elementor-element elementor-element-eafd4fa elementor-widget elementor-widget-heading\" data-id=\"eafd4fa\" data-element_type=\"widget\" data-e-type=\"widget\" data-widget_type=\"heading.default\">\n\t\t\t\t<div class=\"elementor-widget-container\">\n\t\t\t\t\t<h2 class=\"elementor-heading-title elementor-size-default\">Field Day<\/h2>\t\t\t\t<\/div>\n\t\t\t\t<\/div>\n\t\t\t\t<div class=\"elementor-element elementor-element-282248f elementor-widget elementor-widget-spacer\" data-id=\"282248f\" data-element_type=\"widget\" data-e-type=\"widget\" data-widget_type=\"spacer.default\">\n\t\t\t\t<div class=\"elementor-widget-container\">\n\t\t\t\t\t\t\t<div class=\"elementor-spacer\">\n\t\t\t<div class=\"elementor-spacer-inner\"><\/div>\n\t\t<\/div>\n\t\t\t\t\t\t<\/div>\n\t\t\t\t<\/div>\n\t\t\t\t<div class=\"elementor-element elementor-element-fbafd27 elementor-widget elementor-widget-text-editor\" data-id=\"fbafd27\" data-element_type=\"widget\" data-e-type=\"widget\" data-widget_type=\"text-editor.default\">\n\t\t\t\t<div class=\"elementor-widget-container\">\n\t\t\t\t\t\t\t\t\t<div><div class=\"elementToProof\"><strong>\u00ab\u00a0FIELD DAY\u00a0\u00bb 2025:\u00a0 28 et 29 juin.\u00a0\u00a0<\/strong><\/div><div>\u00a0<\/div><div class=\"elementToProof\">Le <em>Field Day<\/em> organis\u00e9 par notre club VE2RVL aura lieu \u00e0 Auteuil. La participation des membres est importante pour assurer le succ\u00e8s de cette activit\u00e9. Faites part de votre int\u00e9r\u00eat en envoyant un courriel \u00e0 ve2rvl@hotmail.com.<\/div><div>\u00a0<\/div><\/div><div>&#8212;&#8212;&#8212;&#8212;&#8212;&#8212;&#8212;&#8212;&#8212;&#8212;&#8212;&#8212;&#8212;&#8212;&#8212;&#8212;&#8212;&#8212;&#8212;&#8212;&#8212;&#8212;&#8212;&#8212;&#8212;&#8212;<\/div><div>\u00a0<\/div><div><div>\u00a0<\/div><\/div><div>\u00a0 \u00a0 \u00a0 \u00a0 \u00a0 \u00a0 \u00a0 \u00a0 \u00a0 \u00a0 \u00a0 \u00a0 \u00a0 \u00a0<\/div>\t\t\t\t\t\t\t\t<\/div>\n\t\t\t\t<\/div>\n\t\t\t\t\t<\/div>\n\t\t<\/div>\n\t\t\t\t\t<\/div>\n\t\t<\/section>\n\t\t\t\t<\/div>\n\t\t","protected":false},"excerpt":{"rendered":"<p>Field Day \u00ab\u00a0FIELD DAY\u00a0\u00bb 2025:\u00a0 28 et 29 juin.\u00a0\u00a0\u00a0Le Field Day organis\u00e9 par notre club VE2RVL aura lieu \u00e0 Auteuil. La participation des membres est&hellip;<\/p>\n","protected":false},"author":1,"featured_media":0,"parent":23,"menu_order":0,"comment_status":"closed","ping_status":"closed","template":"","meta":{"footnotes":""},"class_list":["post-690","page","type-page","status-publish","hentry"],"_links":{"self":[{"href":"http:\/\/ve2rvl.ca\/index.php\/wp-json\/wp\/v2\/pages\/690","targetHints":{"allow":["GET"]}}],"collection":[{"href":"http:\/\/ve2rvl.ca\/index.php\/wp-json\/wp\/v2\/pages"}],"about":[{"href":"http:\/\/ve2rvl.ca\/index.php\/wp-json\/wp\/v2\/types\/page"}],"author":[{"embeddable":true,"href":"http:\/\/ve2rvl.ca\/index.php\/wp-json\/wp\/v2\/users\/1"}],"replies":[{"embeddable":true,"href":"http:\/\/ve2rvl.ca\/index.php\/wp-json\/wp\/v2\/comments?post=690"}],"version-history":[{"count":23,"href":"http:\/\/ve2rvl.ca\/index.php\/wp-json\/wp\/v2\/pages\/690\/revisions"}],"predecessor-version":[{"id":2850,"href":"http:\/\/ve2rvl.ca\/index.php\/wp-json\/wp\/v2\/pages\/690\/revisions\/2850"}],"up":[{"embeddable":true,"href":"http:\/\/ve2rvl.ca\/index.php\/wp-json\/wp\/v2\/pages\/23"}],"wp:attachment":[{"href":"http:\/\/ve2rvl.ca\/index.php\/wp-json\/wp\/v2\/media?parent=690"}],"curies":[{"name":"wp","href":"https:\/\/api.w.org\/{rel}","templated":true}]}}