{"id":515,"date":"2020-10-02T08:36:18","date_gmt":"2020-10-02T12:36:18","guid":{"rendered":"http:\/\/ve2rvl.ca\/?page_id=515"},"modified":"2024-05-15T08:56:06","modified_gmt":"2024-05-15T12:56:06","slug":"autres-domaines-dinterets","status":"publish","type":"page","link":"http:\/\/ve2rvl.ca\/index.php\/divers\/autres-domaines-dinterets\/","title":{"rendered":"Autres domaines d\u2019Int\u00e9r\u00eats"},"content":{"rendered":"\t\t<div data-elementor-type=\"wp-page\" data-elementor-id=\"515\" class=\"elementor elementor-515\">\n\t\t\t\t\t\t<section class=\"elementor-section elementor-top-section elementor-element elementor-element-17c994bc elementor-section-full_width elementor-section-height-full elementor-section-items-top elementor-section-content-top elementor-section-stretched elementor-section-height-default\" data-id=\"17c994bc\" data-element_type=\"section\" data-e-type=\"section\" data-settings=\"{&quot;background_background&quot;:&quot;gradient&quot;,&quot;stretch_section&quot;:&quot;section-stretched&quot;}\">\n\t\t\t\t\t\t<div class=\"elementor-container elementor-column-gap-default\">\n\t\t\t\t\t<div class=\"elementor-column elementor-col-100 elementor-top-column elementor-element elementor-element-787a007b\" data-id=\"787a007b\" data-element_type=\"column\" data-e-type=\"column\">\n\t\t\t<div class=\"elementor-widget-wrap elementor-element-populated\">\n\t\t\t\t\t\t<div class=\"elementor-element elementor-element-1e8554c elementor-widget elementor-widget-heading\" data-id=\"1e8554c\" data-element_type=\"widget\" data-e-type=\"widget\" data-widget_type=\"heading.default\">\n\t\t\t\t<div class=\"elementor-widget-container\">\n\t\t\t\t\t<h2 class=\"elementor-heading-title elementor-size-default\">Autres domaines d' int\u00e9rets <\/h2>\t\t\t\t<\/div>\n\t\t\t\t<\/div>\n\t\t\t\t<div class=\"elementor-element elementor-element-5db4b63 elementor-widget elementor-widget-spacer\" data-id=\"5db4b63\" data-element_type=\"widget\" data-e-type=\"widget\" data-widget_type=\"spacer.default\">\n\t\t\t\t<div class=\"elementor-widget-container\">\n\t\t\t\t\t\t\t<div class=\"elementor-spacer\">\n\t\t\t<div class=\"elementor-spacer-inner\"><\/div>\n\t\t<\/div>\n\t\t\t\t\t\t<\/div>\n\t\t\t\t<\/div>\n\t\t\t\t<div class=\"elementor-element elementor-element-befd8a0 elementor-widget elementor-widget-text-editor\" data-id=\"befd8a0\" data-element_type=\"widget\" data-e-type=\"widget\" data-widget_type=\"text-editor.default\">\n\t\t\t\t<div class=\"elementor-widget-container\">\n\t\t\t\t\t\t\t\t\t<p><strong>Plusieurs membres s`int\u00e9ressent aux domaines suivants:<\/strong><\/p><p>\u00c9lectronique\u00a0<\/p><p>Imprimante 3D\u00a0\u00a0<\/p>\t\t\t\t\t\t\t\t<\/div>\n\t\t\t\t<\/div>\n\t\t\t\t\t<\/div>\n\t\t<\/div>\n\t\t\t\t\t<\/div>\n\t\t<\/section>\n\t\t\t\t<\/div>\n\t\t","protected":false},"excerpt":{"rendered":"<p>Autres domaines d&rsquo; int\u00e9rets Plusieurs membres s`int\u00e9ressent aux domaines suivants: \u00c9lectronique\u00a0 Imprimante 3D\u00a0\u00a0<\/p>\n","protected":false},"author":1,"featured_media":0,"parent":2461,"menu_order":0,"comment_status":"closed","ping_status":"closed","template":"","meta":{"footnotes":""},"class_list":["post-515","page","type-page","status-publish","hentry"],"_links":{"self":[{"href":"http:\/\/ve2rvl.ca\/index.php\/wp-json\/wp\/v2\/pages\/515","targetHints":{"allow":["GET"]}}],"collection":[{"href":"http:\/\/ve2rvl.ca\/index.php\/wp-json\/wp\/v2\/pages"}],"about":[{"href":"http:\/\/ve2rvl.ca\/index.php\/wp-json\/wp\/v2\/types\/page"}],"author":[{"embeddable":true,"href":"http:\/\/ve2rvl.ca\/index.php\/wp-json\/wp\/v2\/users\/1"}],"replies":[{"embeddable":true,"href":"http:\/\/ve2rvl.ca\/index.php\/wp-json\/wp\/v2\/comments?post=515"}],"version-history":[{"count":23,"href":"http:\/\/ve2rvl.ca\/index.php\/wp-json\/wp\/v2\/pages\/515\/revisions"}],"predecessor-version":[{"id":2499,"href":"http:\/\/ve2rvl.ca\/index.php\/wp-json\/wp\/v2\/pages\/515\/revisions\/2499"}],"up":[{"embeddable":true,"href":"http:\/\/ve2rvl.ca\/index.php\/wp-json\/wp\/v2\/pages\/2461"}],"wp:attachment":[{"href":"http:\/\/ve2rvl.ca\/index.php\/wp-json\/wp\/v2\/media?parent=515"}],"curies":[{"name":"wp","href":"https:\/\/api.w.org\/{rel}","templated":true}]}}