{"id":466,"date":"2020-10-01T11:21:08","date_gmt":"2020-10-01T15:21:08","guid":{"rendered":"http:\/\/ve2rvl.ca\/?page_id=466"},"modified":"2024-04-07T08:44:21","modified_gmt":"2024-04-07T12:44:21","slug":"divers","status":"publish","type":"page","link":"http:\/\/ve2rvl.ca\/index.php\/informations\/divers\/","title":{"rendered":"Divers (Radio-amateur)"},"content":{"rendered":"\t\t<div data-elementor-type=\"wp-page\" data-elementor-id=\"466\" class=\"elementor elementor-466\">\n\t\t\t\t\t\t<section class=\"elementor-section elementor-top-section elementor-element elementor-element-d4f7a20 elementor-section-full_width elementor-section-content-top elementor-section-stretched elementor-section-height-default elementor-section-height-default\" data-id=\"d4f7a20\" data-element_type=\"section\" data-e-type=\"section\" data-settings=\"{&quot;background_background&quot;:&quot;gradient&quot;,&quot;stretch_section&quot;:&quot;section-stretched&quot;}\">\n\t\t\t\t\t\t\t<div class=\"elementor-background-overlay\"><\/div>\n\t\t\t\t\t\t\t<div class=\"elementor-container elementor-column-gap-default\">\n\t\t\t\t\t<div class=\"elementor-column elementor-col-100 elementor-top-column elementor-element elementor-element-31c06e2f\" data-id=\"31c06e2f\" data-element_type=\"column\" data-e-type=\"column\">\n\t\t\t<div class=\"elementor-widget-wrap elementor-element-populated\">\n\t\t\t\t\t\t<div class=\"elementor-element elementor-element-489c12a elementor-widget elementor-widget-heading\" data-id=\"489c12a\" data-element_type=\"widget\" data-e-type=\"widget\" data-widget_type=\"heading.default\">\n\t\t\t\t<div class=\"elementor-widget-container\">\n\t\t\t\t\t<h2 class=\"elementor-heading-title elementor-size-default\">Divers (Radio-amateur)<\/h2>\t\t\t\t<\/div>\n\t\t\t\t<\/div>\n\t\t\t\t<div class=\"elementor-element elementor-element-a093faa elementor-widget elementor-widget-spacer\" data-id=\"a093faa\" data-element_type=\"widget\" data-e-type=\"widget\" data-widget_type=\"spacer.default\">\n\t\t\t\t<div class=\"elementor-widget-container\">\n\t\t\t\t\t\t\t<div class=\"elementor-spacer\">\n\t\t\t<div class=\"elementor-spacer-inner\"><\/div>\n\t\t<\/div>\n\t\t\t\t\t\t<\/div>\n\t\t\t\t<\/div>\n\t\t\t\t<div class=\"elementor-element elementor-element-6957b46 elementor-widget elementor-widget-text-editor\" data-id=\"6957b46\" data-element_type=\"widget\" data-e-type=\"widget\" data-widget_type=\"text-editor.default\">\n\t\t\t\t<div class=\"elementor-widget-container\">\n\t\t\t\t\t\t\t\t\t<p>Pr\u00e9sentation\u00a0 <a href=\"http:\/\/ve2rvl.ca\/index.php\/presentation-cq-cq-cq-dx-de-michel\/\">CQ CQ CQ DX<\/a> de Michel VE2OCH donn\u00e9e le 17 mars 2024.<\/p><p>Pr\u00e9sentation de Richard VE2DJE sur son projet\u00a0 <a href=\"http:\/\/ve2rvl.ca\/wp-content\/uploads\/2022\/05\/Presentation-MAG-LOOP.pdf\">Les antennes \u00e0 Loop magn\u00e9tiques et son controleur wifi<\/a>.<\/p><p><a href=\"http:\/\/ve2rvl.ca\/wp-content\/uploads\/2021\/12\/VE2LY-Ham-distance-2022.xlsx\">Chiffrier<\/a> pour le calcul des distances et des azimuts des r\u00e9p\u00e9teurs entourant votre position.\u00a0\u00a0<span style=\"font-family: var( --e-global-typography-text-font-family ), Sans-serif; background-color: transparent;\">Pr\u00e9par\u00e9 par Yves VE2LY<\/span><\/p><ul><li><span style=\"font-family: var( --e-global-typography-text-font-family ), Sans-serif; background-color: transparent;\">Vous devez placer vos coordonn\u00e9es dans les cellules A4 \u00e0 D4.<\/span><\/li><li>Vous pouvez re-classer les lignes par ordre de distances ascendantes.<\/li><li>Vous pouvez ins\u00e9rer de nouveaux r\u00e9p\u00e9teurs dans des lignes en gris vides.<\/li><\/ul><p>Pr\u00e9sentation sur <a href=\"http:\/\/ve2rvl.ca\/wp-content\/uploads\/2021\/02\/CABLE_COAXIAL_50_OHMS.pptx\" target=\"_blank\" rel=\"noopener\">Pourquoi 50 ohms?<\/a> par VE2DJE<\/p><p><span style=\"color: #000000;\"><strong>Informations sur les chartes de Smith:<\/strong><\/span><\/p><p style=\"padding-left: 40px;\"><a href=\"http:\/\/www.ae6ty.com\/Smith_charts.html\">\u00a0http:\/\/www.ae6ty.com\/Smith_charts.html<\/a><\/p><p style=\"padding-left: 40px;\"><a href=\"http:\/\/www.w0qe.com\/SimSmith.html\">\u00a0http:\/\/www.w0qe.com\/SimSmith.html<\/a><\/p><p><a href=\"http:\/\/ve2rvl.dyndns.org\/index.php\/informations\/videos-interessants\/\"><strong><span style=\"color: #000000;\">Vid\u00e9os int\u00e9ressants sur la radio-amateur:<\/span><\/strong><\/a><\/p><div class=\"elementor-element elementor-element-403ff96 elementor-column elementor-col-50 elementor-inner-column\" data-id=\"403ff96\" data-element_type=\"column\"><div class=\"elementor-column-wrap elementor-element-populated\"><div class=\"elementor-widget-wrap\"><div class=\"elementor-element elementor-element-5d803d3 elementor-widget elementor-widget-text-editor\" data-id=\"5d803d3\" data-element_type=\"widget\" data-widget_type=\"text-editor.default\"><div class=\"elementor-widget-container\"><div class=\"elementor-text-editor elementor-clearfix\"><ul><li><b>Vid\u00e9os de Pascal Villeneuve:\u00a0 \u00a0<a href=\"https:\/\/www.youtube.com\/channel\/UC6Ib70Ja70L7pb4EOdIYaLQ\">Laboenligne.ca<\/a><\/b><\/li><li><strong>Vid\u00e9os de David Casler (en anglais)\u00a0 <a href=\"https:\/\/www.youtube.com\/c\/DavidCasler\/videos\">Ask Dave<\/a><\/strong><\/li><li><strong>Base de donn\u00e9es sur le mat\u00e9riel radio amateur:\u00a0 <a href=\"http:\/\/rigpix.com\">rigpix.com<\/a>\u00a0<\/strong><\/li><li><a href=\"https:\/\/youtu.be\/RaQ5UB8V0tw\">Vid\u00e9o sur la radio amateur<\/a><\/li><li>\u00a0<\/li><\/ul><\/div><\/div><\/div><\/div><\/div><\/div><div class=\"elementor-element elementor-element-36fa465 elementor-column elementor-col-50 elementor-inner-column\" data-id=\"36fa465\" data-element_type=\"column\"><div class=\"elementor-column-wrap elementor-element-populated\"><div class=\"elementor-widget-wrap\"><div class=\"elementor-element elementor-element-b089dbb elementor-widget elementor-widget-text-editor\" data-id=\"b089dbb\" data-element_type=\"widget\" data-widget_type=\"text-editor.default\"><div class=\"elementor-widget-container\"><div class=\"elementor-text-editor elementor-clearfix\">\u00a0<\/div><\/div><\/div><\/div><\/div><\/div>\t\t\t\t\t\t\t\t<\/div>\n\t\t\t\t<\/div>\n\t\t\t\t\t<\/div>\n\t\t<\/div>\n\t\t\t\t\t<\/div>\n\t\t<\/section>\n\t\t\t\t<\/div>\n\t\t","protected":false},"excerpt":{"rendered":"<p>Divers (Radio-amateur) Pr\u00e9sentation\u00a0 CQ CQ CQ DX de Michel VE2OCH donn\u00e9e le 17 mars 2024. Pr\u00e9sentation de Richard VE2DJE sur son projet\u00a0 Les antennes \u00e0&hellip;<\/p>\n","protected":false},"author":1,"featured_media":0,"parent":25,"menu_order":0,"comment_status":"closed","ping_status":"closed","template":"","meta":{"footnotes":""},"class_list":["post-466","page","type-page","status-publish","hentry"],"_links":{"self":[{"href":"http:\/\/ve2rvl.ca\/index.php\/wp-json\/wp\/v2\/pages\/466","targetHints":{"allow":["GET"]}}],"collection":[{"href":"http:\/\/ve2rvl.ca\/index.php\/wp-json\/wp\/v2\/pages"}],"about":[{"href":"http:\/\/ve2rvl.ca\/index.php\/wp-json\/wp\/v2\/types\/page"}],"author":[{"embeddable":true,"href":"http:\/\/ve2rvl.ca\/index.php\/wp-json\/wp\/v2\/users\/1"}],"replies":[{"embeddable":true,"href":"http:\/\/ve2rvl.ca\/index.php\/wp-json\/wp\/v2\/comments?post=466"}],"version-history":[{"count":108,"href":"http:\/\/ve2rvl.ca\/index.php\/wp-json\/wp\/v2\/pages\/466\/revisions"}],"predecessor-version":[{"id":2387,"href":"http:\/\/ve2rvl.ca\/index.php\/wp-json\/wp\/v2\/pages\/466\/revisions\/2387"}],"up":[{"embeddable":true,"href":"http:\/\/ve2rvl.ca\/index.php\/wp-json\/wp\/v2\/pages\/25"}],"wp:attachment":[{"href":"http:\/\/ve2rvl.ca\/index.php\/wp-json\/wp\/v2\/media?parent=466"}],"curies":[{"name":"wp","href":"https:\/\/api.w.org\/{rel}","templated":true}]}}