{"id":42,"date":"2020-07-18T09:45:45","date_gmt":"2020-07-18T13:45:45","guid":{"rendered":"http:\/\/ve2rvl.ca\/?page_id=42"},"modified":"2026-02-06T14:27:58","modified_gmt":"2026-02-06T19:27:58","slug":"repeteurs","status":"publish","type":"page","link":"http:\/\/ve2rvl.ca\/index.php\/repeteurs\/","title":{"rendered":"R\u00e9p\u00e9titrices"},"content":{"rendered":"\t\t<div data-elementor-type=\"wp-page\" data-elementor-id=\"42\" class=\"elementor elementor-42\">\n\t\t\t\t\t\t<section class=\"elementor-section elementor-top-section elementor-element elementor-element-47972175 elementor-section-full_width elementor-section-content-top elementor-section-stretched elementor-section-height-default elementor-section-height-default\" data-id=\"47972175\" data-element_type=\"section\" data-e-type=\"section\" data-settings=\"{&quot;background_background&quot;:&quot;gradient&quot;,&quot;stretch_section&quot;:&quot;section-stretched&quot;}\">\n\t\t\t\t\t\t\t<div class=\"elementor-background-overlay\"><\/div>\n\t\t\t\t\t\t\t<div class=\"elementor-container elementor-column-gap-default\">\n\t\t\t\t\t<div class=\"elementor-column elementor-col-100 elementor-top-column elementor-element elementor-element-1efc6e53\" data-id=\"1efc6e53\" data-element_type=\"column\" data-e-type=\"column\">\n\t\t\t<div class=\"elementor-widget-wrap elementor-element-populated\">\n\t\t\t\t\t\t<div class=\"elementor-element elementor-element-da4b90a elementor-widget elementor-widget-heading\" data-id=\"da4b90a\" data-element_type=\"widget\" data-e-type=\"widget\" data-widget_type=\"heading.default\">\n\t\t\t\t<div class=\"elementor-widget-container\">\n\t\t\t\t\t<h2 class=\"elementor-heading-title elementor-size-default\">R\u00e9p\u00e9titrices<\/h2>\t\t\t\t<\/div>\n\t\t\t\t<\/div>\n\t\t\t\t<div class=\"elementor-element elementor-element-86b9af8 elementor-widget elementor-widget-text-editor\" data-id=\"86b9af8\" data-element_type=\"widget\" data-e-type=\"widget\" data-widget_type=\"text-editor.default\">\n\t\t\t\t<div class=\"elementor-widget-container\">\n\t\t\t\t\t\t\t\t\t<p>Deux r\u00e9p\u00e9titrices situ\u00e9es sur la partie nord du Mont Royal sont disponibles pour les membres ainsi que pour la s\u00e9curit\u00e9 civile du Qu\u00e9bec.<\/p><p>Les fr\u00e9quences sont:<\/p><ul><li>en VHF: 147.075 mhz avec tonalit\u00e9 + 141.3\u00a0 (103.5 en r\u00e9ception)<\/li><li>en UHF: 443.100 mhz avec tonalit\u00e9 + 141.3<\/li><\/ul><p>Ces r\u00e9p\u00e9titrices fonctionnent en tandem et sont aussi reli\u00e9es \u00e0 <span style=\"background-color: transparent;\">\u00a0un r\u00e9seau de r\u00e9p\u00e9titrices de nos partenaires\u00a0 au travers du Qu\u00e9bec.<\/span><\/p>\t\t\t\t\t\t\t\t<\/div>\n\t\t\t\t<\/div>\n\t\t\t\t\t<\/div>\n\t\t<\/div>\n\t\t\t\t\t<\/div>\n\t\t<\/section>\n\t\t\t\t<section class=\"elementor-section elementor-top-section elementor-element elementor-element-2b22a23 elementor-section-full_width elementor-section-content-top elementor-section-height-default elementor-section-height-default\" data-id=\"2b22a23\" data-element_type=\"section\" data-e-type=\"section\">\n\t\t\t\t\t\t<div class=\"elementor-container elementor-column-gap-no\">\n\t\t\t\t\t<div class=\"elementor-column elementor-col-100 elementor-top-column elementor-element elementor-element-9a589dd\" data-id=\"9a589dd\" data-element_type=\"column\" data-e-type=\"column\">\n\t\t\t<div class=\"elementor-widget-wrap elementor-element-populated\">\n\t\t\t\t\t\t<div class=\"elementor-element elementor-element-1c03c45 elementor-widget__width-inherit elementor-widget elementor-widget-pdf_viewer\" data-id=\"1c03c45\" data-element_type=\"widget\" data-e-type=\"widget\" data-widget_type=\"pdf_viewer.default\">\n\t\t\t\t<div class=\"elementor-widget-container\">\n\t\t\t\t\t<iframe src=\"https:\/\/docs.google.com\/viewer?url=http:\/\/51.79.84.101\/wp-content\/uploads\/2023\/03\/Plan_Reseau_Asterisk_24mars2023.pdf&amp;embedded=true\" style=\"display: block; margin-left: auto; margin-right: auto; width: 750px; height: 865px;\" frameborder=\"1\" marginheight=\"0px\" marginwidth=\"0px\" allowfullscreen><\/iframe>\t\t\t\t<\/div>\n\t\t\t\t<\/div>\n\t\t\t\t<div class=\"elementor-element elementor-element-ea4dcd5 elementor-widget__width-inherit elementor-widget elementor-widget-pdf_viewer\" data-id=\"ea4dcd5\" data-element_type=\"widget\" data-e-type=\"widget\" data-widget_type=\"pdf_viewer.default\">\n\t\t\t\t<div class=\"elementor-widget-container\">\n\t\t\t\t\t<iframe src=\"https:\/\/docs.google.com\/viewer?url=http:\/\/51.79.84.101\/wp-content\/uploads\/2024\/05\/20240504-Liste-des-repeteurs-club-et-partenaires.pdf&amp;embedded=true\" style=\"display: block; margin-left: auto; margin-right: auto; width: 1035px; height: 1145px;\" frameborder=\"1\" marginheight=\"0px\" marginwidth=\"0px\" allowfullscreen><\/iframe>\t\t\t\t<\/div>\n\t\t\t\t<\/div>\n\t\t\t\t<div class=\"elementor-element elementor-element-9dd8d63 elementor-widget__width-inherit elementor-widget elementor-widget-pdf_viewer\" data-id=\"9dd8d63\" data-element_type=\"widget\" data-e-type=\"widget\" data-widget_type=\"pdf_viewer.default\">\n\t\t\t\t<div class=\"elementor-widget-container\">\n\t\t\t\t\t<iframe src=\"https:\/\/docs.google.com\/viewer?url=http:\/\/ve2rvl.ca\/wp-content\/uploads\/2025\/10\/AREDN-VE2RVK-VE2LY-VE2UMS-VE2RVL.pdf&amp;embedded=true\" style=\"display: block; margin-left: auto; margin-right: auto; width: 925px; height: 1015px;\" frameborder=\"1\" marginheight=\"0px\" marginwidth=\"0px\" allowfullscreen><\/iframe>\t\t\t\t<\/div>\n\t\t\t\t<\/div>\n\t\t\t\t\t<\/div>\n\t\t<\/div>\n\t\t\t\t\t<\/div>\n\t\t<\/section>\n\t\t\t\t<\/div>\n\t\t","protected":false},"excerpt":{"rendered":"<p>R\u00e9p\u00e9titrices Deux r\u00e9p\u00e9titrices situ\u00e9es sur la partie nord du Mont Royal sont disponibles pour les membres ainsi que pour la s\u00e9curit\u00e9 civile du Qu\u00e9bec. Les&hellip;<\/p>\n","protected":false},"author":1,"featured_media":0,"parent":0,"menu_order":0,"comment_status":"closed","ping_status":"closed","template":"","meta":{"footnotes":""},"class_list":["post-42","page","type-page","status-publish","hentry"],"_links":{"self":[{"href":"http:\/\/ve2rvl.ca\/index.php\/wp-json\/wp\/v2\/pages\/42","targetHints":{"allow":["GET"]}}],"collection":[{"href":"http:\/\/ve2rvl.ca\/index.php\/wp-json\/wp\/v2\/pages"}],"about":[{"href":"http:\/\/ve2rvl.ca\/index.php\/wp-json\/wp\/v2\/types\/page"}],"author":[{"embeddable":true,"href":"http:\/\/ve2rvl.ca\/index.php\/wp-json\/wp\/v2\/users\/1"}],"replies":[{"embeddable":true,"href":"http:\/\/ve2rvl.ca\/index.php\/wp-json\/wp\/v2\/comments?post=42"}],"version-history":[{"count":120,"href":"http:\/\/ve2rvl.ca\/index.php\/wp-json\/wp\/v2\/pages\/42\/revisions"}],"predecessor-version":[{"id":2994,"href":"http:\/\/ve2rvl.ca\/index.php\/wp-json\/wp\/v2\/pages\/42\/revisions\/2994"}],"wp:attachment":[{"href":"http:\/\/ve2rvl.ca\/index.php\/wp-json\/wp\/v2\/media?parent=42"}],"curies":[{"name":"wp","href":"https:\/\/api.w.org\/{rel}","templated":true}]}}