{"id":31,"date":"2020-07-18T09:42:20","date_gmt":"2020-07-18T13:42:20","guid":{"rendered":"http:\/\/ve2rvl.ca\/?page_id=31"},"modified":"2020-10-05T12:20:40","modified_gmt":"2020-10-05T16:20:40","slug":"qui-sommes-nous","status":"publish","type":"page","link":"http:\/\/ve2rvl.ca\/index.php\/le-club\/qui-sommes-nous\/","title":{"rendered":"\u00c0 propos de nous"},"content":{"rendered":"\t\t<div data-elementor-type=\"wp-page\" data-elementor-id=\"31\" class=\"elementor elementor-31\">\n\t\t\t\t\t\t<section class=\"elementor-section elementor-top-section elementor-element elementor-element-5bd4b46c elementor-section-full_width elementor-section-height-full elementor-section-items-top elementor-section-content-top elementor-section-stretched elementor-section-height-default\" data-id=\"5bd4b46c\" data-element_type=\"section\" data-e-type=\"section\" data-settings=\"{&quot;background_background&quot;:&quot;gradient&quot;,&quot;stretch_section&quot;:&quot;section-stretched&quot;}\">\n\t\t\t\t\t\t<div class=\"elementor-container elementor-column-gap-default\">\n\t\t\t\t\t<div class=\"elementor-column elementor-col-100 elementor-top-column elementor-element elementor-element-3e3856f\" data-id=\"3e3856f\" data-element_type=\"column\" data-e-type=\"column\">\n\t\t\t<div class=\"elementor-widget-wrap elementor-element-populated\">\n\t\t\t\t\t\t<div class=\"elementor-element elementor-element-472083a elementor-widget elementor-widget-heading\" data-id=\"472083a\" data-element_type=\"widget\" data-e-type=\"widget\" data-widget_type=\"heading.default\">\n\t\t\t\t<div class=\"elementor-widget-container\">\n\t\t\t\t\t<h2 class=\"elementor-heading-title elementor-size-default\">\u00c0 propos de nous<\/h2>\t\t\t\t<\/div>\n\t\t\t\t<\/div>\n\t\t\t\t<div class=\"elementor-element elementor-element-376739c elementor-widget elementor-widget-text-editor\" data-id=\"376739c\" data-element_type=\"widget\" data-e-type=\"widget\" data-widget_type=\"text-editor.default\">\n\t\t\t\t<div class=\"elementor-widget-container\">\n\t\t\t\t\t\t\t\t\t<p align=\"center\">Bienvenue sur le site de la Station R\u00e9p\u00e9titrice de Laval VE2RVL<\/p><p align=\"justify\">Le club Station R\u00e9p\u00e9titrice de Laval VE2RVL est un organisme \u00e0 but non lucratif qui est entre autre reconnu par la municipalit\u00e9 de <span style=\"color: #0563c1;\"><u><a href=\"https:\/\/www.ville.laval.qc.ca\/wlav3\/maville\/organismes.php?no=497&amp;secteur=&amp;type=&amp;mots=&amp;next=201\">Ville de Laval<\/a><\/u><\/span> ce qui nous permet d\u2019avoir acc\u00e8s \u00e0 des locaux et avoir la possibilit\u00e9 d\u2019occuper des sites sur le territoire Lavallois ainsi que d\u2019y emprunter divers \u00e9quipements logistiques.<\/p><p align=\"justify\">Le club est membre en r\u00e8gle de la <a href=\"http:\/\/www.raqi.ca\/\"><span style=\"color: #0563c1;\"><u>F\u00e9d\u00e9ration <\/u><\/span><span style=\"color: #0563c1;\"><u>de la Radio-Amateur du Qu\u00e9bec<\/u><\/span><\/a> , ce qui donne droit aux membres \u00e0 des acc\u00e8s privil\u00e9gi\u00e9s \u00e0 leur site, \u00e0 des bulletins trimestriels, ainsi que des prix r\u00e9duits sur les plaques d\u2019immatriculation automobile et plus.<\/p><p align=\"justify\">La port\u00e9e de notre r\u00e9seau radio analogue couvre principalement le nord du Mont-Royal d\u2019est en ouest jusqu\u2019 aux environs de St-J\u00e9r\u00f4me, ce qui couvre la Ville de Laval en entier. En plus d\u2019avoir une couverture analogue, le club maintient des interconnexions r\u00e9seau via Asterisk Hamvoip et DMR propre au regroupement mais aussi \u00e0 l\u2019aide de partenaires externes. Le r\u00e9seau permet d\u2019\u00e9tablir\u00a0 des t\u00e9l\u00e9communications d\u2019urgence sur demande avec la S\u00e9curit\u00e9 civile du Qu\u00e9bec ainsi que d\u2019\u00e9largir les t\u00e9l\u00e9communications entre les r\u00e9gions.<\/p><p align=\"justify\">La majorit\u00e9 des membres sont des personnes ayant r\u00e9ussi les examens du minist\u00e8re f\u00e9d\u00e9ral de<b> <\/b>l\u2019<b> <\/b><a href=\"http:\/\/www.ic.gc.ca\/eic\/site\/025.nsf\/fra\/accueil\"><span style=\"color: #0563c1;\"><u>I<\/u><\/span><span style=\"color: #0563c1;\"><u>nnovation, Sciences et D\u00e9veloppement <\/u><\/span><span style=\"color: #0563c1;\"><u>\u00e9conomique<\/u><\/span><span style=\"color: #0563c1;\"><u> Canada<\/u><\/span><\/a> . Bien s\u00fbr les novices et \u00e9couteurs d\u00e9sirant parfaire leur formation afin de r\u00e9ussir les examens de base ou sup\u00e9rieur en radio amateur peuvent devenir membres. Nous pouvons les accompagner dans leur d\u00e9marche.<\/p><p align=\"justify\">Notre regroupement de radio amateur se veut aussi un promoteur de ce loisir scientifique o\u00f9 la communication,\u00a0 le bricolage \u00e9lectronique ainsi que la programmation constituent les int\u00e9r\u00eats principaux\u00a0 des membres.<\/p>\t\t\t\t\t\t\t\t<\/div>\n\t\t\t\t<\/div>\n\t\t\t\t\t<\/div>\n\t\t<\/div>\n\t\t\t\t\t<\/div>\n\t\t<\/section>\n\t\t\t\t<\/div>\n\t\t","protected":false},"excerpt":{"rendered":"<p>\u00c0 propos de nous Bienvenue sur le site de la Station R\u00e9p\u00e9titrice de Laval VE2RVL Le club Station R\u00e9p\u00e9titrice de Laval VE2RVL est un organisme&hellip;<\/p>\n","protected":false},"author":1,"featured_media":0,"parent":21,"menu_order":0,"comment_status":"closed","ping_status":"closed","template":"","meta":{"footnotes":""},"class_list":["post-31","page","type-page","status-publish","hentry"],"_links":{"self":[{"href":"http:\/\/ve2rvl.ca\/index.php\/wp-json\/wp\/v2\/pages\/31","targetHints":{"allow":["GET"]}}],"collection":[{"href":"http:\/\/ve2rvl.ca\/index.php\/wp-json\/wp\/v2\/pages"}],"about":[{"href":"http:\/\/ve2rvl.ca\/index.php\/wp-json\/wp\/v2\/types\/page"}],"author":[{"embeddable":true,"href":"http:\/\/ve2rvl.ca\/index.php\/wp-json\/wp\/v2\/users\/1"}],"replies":[{"embeddable":true,"href":"http:\/\/ve2rvl.ca\/index.php\/wp-json\/wp\/v2\/comments?post=31"}],"version-history":[{"count":10,"href":"http:\/\/ve2rvl.ca\/index.php\/wp-json\/wp\/v2\/pages\/31\/revisions"}],"predecessor-version":[{"id":632,"href":"http:\/\/ve2rvl.ca\/index.php\/wp-json\/wp\/v2\/pages\/31\/revisions\/632"}],"up":[{"embeddable":true,"href":"http:\/\/ve2rvl.ca\/index.php\/wp-json\/wp\/v2\/pages\/21"}],"wp:attachment":[{"href":"http:\/\/ve2rvl.ca\/index.php\/wp-json\/wp\/v2\/media?parent=31"}],"curies":[{"name":"wp","href":"https:\/\/api.w.org\/{rel}","templated":true}]}}