{"id":1046,"date":"2021-03-04T20:41:15","date_gmt":"2021-03-05T00:41:15","guid":{"rendered":"http:\/\/ve2rvl.ca\/?page_id=1046"},"modified":"2021-03-05T15:57:02","modified_gmt":"2021-03-05T19:57:02","slug":"mode-hf","status":"publish","type":"page","link":"http:\/\/ve2rvl.ca\/index.php\/informations\/mode-hf\/","title":{"rendered":"Propagation bande HF"},"content":{"rendered":"\t\t<div data-elementor-type=\"wp-page\" data-elementor-id=\"1046\" class=\"elementor elementor-1046\">\n\t\t\t\t\t\t<section class=\"elementor-section elementor-top-section elementor-element elementor-element-33905e06 elementor-section-full_width elementor-section-height-full elementor-section-items-top elementor-section-stretched elementor-section-height-default\" data-id=\"33905e06\" data-element_type=\"section\" data-e-type=\"section\" data-settings=\"{&quot;background_background&quot;:&quot;classic&quot;,&quot;stretch_section&quot;:&quot;section-stretched&quot;}\">\n\t\t\t\t\t\t\t<div class=\"elementor-background-overlay\"><\/div>\n\t\t\t\t\t\t\t<div class=\"elementor-container elementor-column-gap-default\">\n\t\t\t\t\t<div class=\"elementor-column elementor-col-100 elementor-top-column elementor-element elementor-element-6c15db00\" data-id=\"6c15db00\" data-element_type=\"column\" data-e-type=\"column\">\n\t\t\t<div class=\"elementor-widget-wrap elementor-element-populated\">\n\t\t\t\t\t\t<div class=\"elementor-element elementor-element-abfc1ba elementor-widget elementor-widget-heading\" data-id=\"abfc1ba\" data-element_type=\"widget\" data-e-type=\"widget\" data-widget_type=\"heading.default\">\n\t\t\t\t<div class=\"elementor-widget-container\">\n\t\t\t\t\t<h2 class=\"elementor-heading-title elementor-size-default\">Propagation bande HF<\/h2>\t\t\t\t<\/div>\n\t\t\t\t<\/div>\n\t\t\t\t<section class=\"elementor-section elementor-inner-section elementor-element elementor-element-6457117 elementor-section-boxed elementor-section-height-default elementor-section-height-default\" data-id=\"6457117\" data-element_type=\"section\" data-e-type=\"section\">\n\t\t\t\t\t\t<div class=\"elementor-container elementor-column-gap-default\">\n\t\t\t\t\t<div class=\"elementor-column elementor-col-50 elementor-inner-column elementor-element elementor-element-4ec6fea\" data-id=\"4ec6fea\" data-element_type=\"column\" data-e-type=\"column\">\n\t\t\t<div class=\"elementor-widget-wrap elementor-element-populated\">\n\t\t\t\t\t\t<div class=\"elementor-element elementor-element-97d248a elementor-widget elementor-widget-text-editor\" data-id=\"97d248a\" data-element_type=\"widget\" data-e-type=\"widget\" data-widget_type=\"text-editor.default\">\n\t\t\t\t<div class=\"elementor-widget-container\">\n\t\t\t\t\t\t\t\t\t<p><span style=\"text-decoration: underline;\"><strong>CONDITIONS DE PROPAGATION<\/strong><\/span><\/p><p><a href=\"http:\/\/www.ncdxf.org\/beacon\/beaconSchedule.htm\">Balises HF IARU<\/a><br \/><a href=\"http:\/\/dx.qsl.net\/propagation\/greyline.html\">Ligne de p\u00e9nombre<\/a><br \/><a href=\"https:\/\/hamwaves.com\/propagation\/en\/index.html\">Real\u2011Time HF Propagation Prediction (Hamvaves.com)<\/a><br \/><a href=\"https:\/\/hamwaves.com\/nvis\/en\/\">Real\u2011Time Local NVIS &amp; DX (Hamvaves.com)<\/a><br \/><a href=\"https:\/\/www.voacap.com\/hf\/\">Pr\u00e9dicton de propagation VOACAP\u00a0<\/a><br \/><a href=\"https:\/\/www.swpc.noaa.gov\/products\/solar-cycle-progression\">Progression des cycles solaires<\/a><br \/><a href=\"https:\/\/www.solarham.net\/\">Ressources de Solarham.net<\/a><br \/><a href=\"https:\/\/www.wm7d.net\/hamradio\/solar\/\">Ressoures de WM7D<\/a><br \/><a href=\"https:\/\/www.spaceweather.gc.ca\/generated_plots\/prevmap4.png\">M\u00e9t\u00e9o spaciale du Canada<\/a><br \/><a href=\"https:\/\/www.lightningmaps.org\/#m=oss;t=3;s=0;o=0;b=;ts=0;z=7;y=44.1664;x=-73.3887;d=2;dl=2;dc=0;\">Pr\u00e9vision d\u2019orages et de foudre<\/a> <br \/><a href=\"http:\/\/www.intellicast.com\/Storm\/Severe\/Lightning.aspx\">M\u00e9t\u00e9o et foudre aux \u00c9.-U.-A.<\/a><\/p><p><span style=\"text-decoration: underline;\"><strong>INFORMATIONS SUR LA PROPAGATION\u00a0<\/strong><\/span><\/p><p><a href=\"http:\/\/ve2rvl.ca\/wp-content\/uploads\/2021\/03\/Propagation_J_Parent_Fev2021.pdf\">Pr\u00e9sentation<\/a> donn\u00e9e le 2 mars 2021 par\u00a0 Jacques VE2KEZ sur la propagation.<\/p><p><a href=\"http:\/\/www.raqi.ca\/ve2crd\/cours\/propagation.html#ecoute\">Article La propagation HF sur le site de RAQI<\/a><\/p><p><a href=\"http:\/\/www.radioamateur.ca\/techniques\/nvis.html\">Article La propagation des ondes NVIS sur le site de Radioamateur.ca<\/a><\/p><p>\u00a0<\/p>\t\t\t\t\t\t\t\t<\/div>\n\t\t\t\t<\/div>\n\t\t\t\t\t<\/div>\n\t\t<\/div>\n\t\t\t\t<div class=\"elementor-column elementor-col-50 elementor-inner-column elementor-element elementor-element-ae875b0\" data-id=\"ae875b0\" data-element_type=\"column\" data-e-type=\"column\">\n\t\t\t<div class=\"elementor-widget-wrap elementor-element-populated\">\n\t\t\t\t\t\t<div class=\"elementor-element elementor-element-d66bc26 elementor-widget elementor-widget-text-editor\" data-id=\"d66bc26\" data-element_type=\"widget\" data-e-type=\"widget\" data-widget_type=\"text-editor.default\">\n\t\t\t\t<div class=\"elementor-widget-container\">\n\t\t\t\t\t\t\t\t\t<center>\n<a title=\"Click to add Solar-Terrestrial Data to your website!\" href=\"http:\/\/www.hamqsl.com\/solar.html\"><img decoding=\"async\" src=\"http:\/\/www.hamqsl.com\/solar2.php\" width=\"300\" height=\"40\" \/><\/a><\/center>&nbsp;\t\t\t\t\t\t\t\t<\/div>\n\t\t\t\t<\/div>\n\t\t\t\t\t<\/div>\n\t\t<\/div>\n\t\t\t\t\t<\/div>\n\t\t<\/section>\n\t\t\t\t\t<\/div>\n\t\t<\/div>\n\t\t\t\t\t<\/div>\n\t\t<\/section>\n\t\t\t\t<\/div>\n\t\t","protected":false},"excerpt":{"rendered":"<p>Propagation bande HF CONDITIONS DE PROPAGATION Balises HF IARULigne de p\u00e9nombreReal\u2011Time HF Propagation Prediction (Hamvaves.com)Real\u2011Time Local NVIS &amp; DX (Hamvaves.com)Pr\u00e9dicton de propagation VOACAP\u00a0Progression des cycles&hellip;<\/p>\n","protected":false},"author":1,"featured_media":0,"parent":25,"menu_order":0,"comment_status":"closed","ping_status":"closed","template":"","meta":{"footnotes":""},"class_list":["post-1046","page","type-page","status-publish","hentry"],"_links":{"self":[{"href":"http:\/\/ve2rvl.ca\/index.php\/wp-json\/wp\/v2\/pages\/1046","targetHints":{"allow":["GET"]}}],"collection":[{"href":"http:\/\/ve2rvl.ca\/index.php\/wp-json\/wp\/v2\/pages"}],"about":[{"href":"http:\/\/ve2rvl.ca\/index.php\/wp-json\/wp\/v2\/types\/page"}],"author":[{"embeddable":true,"href":"http:\/\/ve2rvl.ca\/index.php\/wp-json\/wp\/v2\/users\/1"}],"replies":[{"embeddable":true,"href":"http:\/\/ve2rvl.ca\/index.php\/wp-json\/wp\/v2\/comments?post=1046"}],"version-history":[{"count":171,"href":"http:\/\/ve2rvl.ca\/index.php\/wp-json\/wp\/v2\/pages\/1046\/revisions"}],"predecessor-version":[{"id":1227,"href":"http:\/\/ve2rvl.ca\/index.php\/wp-json\/wp\/v2\/pages\/1046\/revisions\/1227"}],"up":[{"embeddable":true,"href":"http:\/\/ve2rvl.ca\/index.php\/wp-json\/wp\/v2\/pages\/25"}],"wp:attachment":[{"href":"http:\/\/ve2rvl.ca\/index.php\/wp-json\/wp\/v2\/media?parent=1046"}],"curies":[{"name":"wp","href":"https:\/\/api.w.org\/{rel}","templated":true}]}}